{"id":59,"date":"2025-01-15T09:51:49","date_gmt":"2025-01-15T09:51:49","guid":{"rendered":"https:\/\/siism-nh.dkonto.pl\/?page_id=59"},"modified":"2025-01-29T09:31:30","modified_gmt":"2025-01-29T09:31:30","slug":"ameryka-srodkowa","status":"publish","type":"page","link":"https:\/\/siism-nh.dkonto.pl\/index.php\/ameryka-srodkowa\/","title":{"rendered":"Ameryka \u015arodkowa"},"content":{"rendered":"\n<div class=\"wp-block-group alignfull has-background-background-color has-background has-global-padding is-layout-constrained wp-container-core-group-is-layout-8a4bb6f9 wp-block-group-is-layout-constrained\" style=\"padding-right:0;padding-bottom:var(--wp--preset--spacing--60);padding-left:0\">\n<div class=\"wp-block-cover alignfull\" style=\"padding-right:var(--wp--preset--spacing--30);padding-left:var(--wp--preset--spacing--30);min-height:50vh;aspect-ratio:unset;\"><span aria-hidden=\"true\" class=\"wp-block-cover__background has-background-dim\" style=\"background-color:#1e1e1e\"><\/span><img loading=\"lazy\" decoding=\"async\" width=\"1792\" height=\"1024\" class=\"wp-block-cover__image-background wp-image-325\" alt=\"\" src=\"https:\/\/siism-nh.dkonto.pl\/wp-content\/uploads\/2025\/01\/img-Qp307ChhWroQa3k05tkMycm3.png\" style=\"object-position:19% 52%\" data-object-fit=\"cover\" data-object-position=\"19% 52%\" srcset=\"https:\/\/siism-nh.dkonto.pl\/wp-content\/uploads\/2025\/01\/img-Qp307ChhWroQa3k05tkMycm3.png 1792w, https:\/\/siism-nh.dkonto.pl\/wp-content\/uploads\/2025\/01\/img-Qp307ChhWroQa3k05tkMycm3-300x171.png 300w, https:\/\/siism-nh.dkonto.pl\/wp-content\/uploads\/2025\/01\/img-Qp307ChhWroQa3k05tkMycm3-1024x585.png 1024w, https:\/\/siism-nh.dkonto.pl\/wp-content\/uploads\/2025\/01\/img-Qp307ChhWroQa3k05tkMycm3-768x439.png 768w, https:\/\/siism-nh.dkonto.pl\/wp-content\/uploads\/2025\/01\/img-Qp307ChhWroQa3k05tkMycm3-1536x878.png 1536w\" sizes=\"auto, (max-width: 1792px) 100vw, 1792px\" \/><div class=\"wp-block-cover__inner-container has-global-padding is-layout-constrained wp-container-core-cover-is-layout-ff778368 wp-block-cover-is-layout-constrained\">\n<div class=\"wp-block-group alignfull has-global-padding is-layout-constrained wp-container-core-group-is-layout-f85dfce0 wp-block-group-is-layout-constrained\" style=\"padding-top:var(--wp--preset--spacing--40);padding-bottom:var(--wp--preset--spacing--40)\">\n<h1 class=\"wp-block-heading alignwide has-text-align-center has-accent-6-background-color has-text-color has-background has-link-color has-platypi-font-family wp-elements-dc335e5c3185fd026d4d04970e77ffd2\" style=\"color:#fafaf9;font-style:normal;font-weight:700\"><strong>Ameryka \u015arodkowa &#8211; niesamowita przygoda<\/strong><\/h1>\n<\/div>\n<\/div><\/div>\n\n\n\n<p>Ameryka \u015arodkowa to region, kt\u00f3ry zachwyca niezwyk\u0142\u0105 r\u00f3\u017cnorodno\u015bci\u0105 krajobraz\u00f3w, kultur i do\u015bwiadcze\u0144, b\u0119d\u0105c idealnym celem podr\u00f3\u017cy dla ka\u017cdego, kto pragnie odkrywa\u0107 \u015bwiat pe\u0142en kontrast\u00f3w. Siedem kraj\u00f3w \u2013 Belize, Gwatemala, Honduras, Salwador, Nikaragua, Kostaryka i Panama \u2013 oferuje niesko\u0144czon\u0105 ilo\u015b\u0107 atrakcji, od rajskich pla\u017c na wybrze\u017cach Karaib\u00f3w i Pacyfiku, przez tropikalne lasy deszczowe, a\u017c po majestatyczne wulkany i g\u00f3rskie szlaki.<\/p>\n\n\n\n<p>To region bogaty w histori\u0119 i kultur\u0119, gdzie mo\u017cna odkrywa\u0107 imponuj\u0105ce ruiny staro\u017cytnych miast Maj\u00f3w, takie jak Tikal w Gwatemali czy Cop\u00e1n w Hondurasie, oraz kolonialne miasteczka z urokliwymi brukowanymi uliczkami, jak Antigua. Przyroda Ameryki \u015arodkowej zapiera dech w piersiach \u2013 od zachwycaj\u0105cych raf koralowych Belize po dzikie rezerwaty przyrody, takie jak Monteverde w Kostaryce czy wulkaniczny park narodowy Masaya w Nikaragui.<\/p>\n\n\n\n<p>Podr\u00f3\u017cnicy znajd\u0105 tu tak\u017ce bogat\u0105 ofert\u0119 aktywno\u015bci \u2013 nurkowanie, trekking, surfing czy obserwowanie dzikich zwierz\u0105t. Ameryka \u015arodkowa s\u0142ynie z go\u015bcinnych mieszka\u0144c\u00f3w, kolorowych tradycji i pysznej kuchni, w kt\u00f3rej kr\u00f3luj\u0105 \u015bwie\u017ce owoce morza, kukurydziane tortille, fasola i egzotyczne owoce.<\/p>\n\n\n\n<p>Region ten, mimo swojej niewielkiej powierzchni, oferuje niesamowite zr\u00f3\u017cnicowanie i jest prawdziw\u0105 pere\u0142k\u0105 dla mi\u0142o\u015bnik\u00f3w przyg\u00f3d, historii, natury oraz tych, kt\u00f3rzy pragn\u0105 odpocz\u0105\u0107 w tropikalnym raju. Podr\u00f3\u017c do Ameryki \u015arodkowej to do\u015bwiadczenie, kt\u00f3re na d\u0142ugo zapada w pami\u0119\u0107.<\/p>\n<\/div>\n\n\n<div  class=\"wp-block-ultimate-post-post-slider-1 ultp-block-77d8f5\"><div class=\"ultp-block-wrapper\"><div class=\"ultp-block-items-wrap\" data-arrows=\"1\" data-dots=\"1\" data-autoplay=\"1\" data-slidespeed=\"3000\" data-fade=\"1\" data-slidelg=\"1\" data-slidesm=\"1\" data-slidexs=\"1\"><div class=\"ultp-block-item post-id-378\"><div><div class=\"ultp-block-slider-wrap\"><div class=\"ultp-block-image-inner\"><div class=\"ultp-block-image \"><a href=\"https:\/\/siism-nh.dkonto.pl\/index.php\/2025\/01\/29\/z-serca-ameryki-srodkowej-moja-niezapomniana-podroz-do-gwatemali\/\" ><img decoding=\"async\"  src=\"https:\/\/siism-nh.dkonto.pl\/wp-content\/plugins\/ultimate-post\/assets\/img\/ultp-fallback-img.png\" alt=\"dummy-img\" \/><\/a><\/div><\/div><div class=\"ultp-block-content ultp-block-content-middlePosition ultp-block-content-centerPosition\"><div class=\"ultp-block-content-inner\"><div class=\"ultp-category-grid ultp-category-classic ultp-category-aboveTitle\"><div class=\"ultp-category-in\"><a class=\"ultp-cat-ameryka-srodkowa\" href=\"https:\/\/siism-nh.dkonto.pl\/index.php\/category\/ameryka-srodkowa\/\"  >Ameryka \u015arodkowa<\/a><\/div><\/div><h3 class=\"ultp-block-title \"><a href=\"https:\/\/siism-nh.dkonto.pl\/index.php\/2025\/01\/29\/z-serca-ameryki-srodkowej-moja-niezapomniana-podroz-do-gwatemali\/\" >Z serca Ameryki \u015arodkowej \u2013 Moja niezapomniana podr\u00f3\u017c do Gwatemali<\/a><\/h3><div class=\"ultp-block-meta ultp-block-meta-dash ultp-block-meta-icon\"><span class=\"ultp-block-author ultp-block-meta-element\"><svg xmlns=\"http:\/\/www.w3.org\/2000\/svg\" viewBox=\"0 0 18 20\"><path d=\"M18,19 C18,19.5522847 17.5522847,20 17,20 C16.4477153,20 16,19.5522847 16,19 L16,17 C16,15.3431458 14.6568542,14 13,14 L5,14 C3.34314575,14 2,15.3431458 2,17 L2,19 C2,19.5522847 1.55228475,20 1,20 C0.44771525,20 0,19.5522847 0,19 L0,17 C0,14.2385763 2.23857625,12 5,12 L13,12 C15.7614237,12 18,14.2385763 18,17 L18,19 Z M9,10 C6.23857625,10 4,7.76142375 4,5 C4,2.23857625 6.23857625,0 9,0 C11.7614237,0 14,2.23857625 14,5 C14,7.76142375 11.7614237,10 9,10 Z M9,8 C10.6568542,8 12,6.65685425 12,5 C12,3.34314575 10.6568542,2 9,2 C7.34314575,2 6,3.34314575 6,5 C6,6.65685425 7.34314575,8 9,8 Z\"\/><\/svg><a class=\"\" href=\"https:\/\/siism-nh.dkonto.pl\/index.php\/author\/zr\/\">zr<\/a><\/span><span class=\"ultp-block-date ultp-block-meta-element\"><svg xmlns=\"http:\/\/www.w3.org\/2000\/svg\" viewBox=\"0 0 18 19\"><path d=\"M4.60069444,4.09375 L3.25,4.09375 C2.47334957,4.09375 1.84375,4.72334957 1.84375,5.5 L1.84375,7.26736111 L16.15625,7.26736111 L16.15625,5.5 C16.15625,4.72334957 15.5266504,4.09375 14.75,4.09375 L13.3993056,4.09375 L13.3993056,4.55555556 C13.3993056,5.02154581 13.0215458,5.39930556 12.5555556,5.39930556 C12.0895653,5.39930556 11.7118056,5.02154581 11.7118056,4.55555556 L11.7118056,4.09375 L6.28819444,4.09375 L6.28819444,4.55555556 C6.28819444,5.02154581 5.9104347,5.39930556 5.44444444,5.39930556 C4.97845419,5.39930556 4.60069444,5.02154581 4.60069444,4.55555556 L4.60069444,4.09375 Z M6.28819444,2.40625 L11.7118056,2.40625 L11.7118056,1 C11.7118056,0.534009742 12.0895653,0.15625 12.5555556,0.15625 C13.0215458,0.15625 13.3993056,0.534009742 13.3993056,1 L13.3993056,2.40625 L14.75,2.40625 C16.4586309,2.40625 17.84375,3.79136906 17.84375,5.5 L17.84375,15.875 C17.84375,17.5836309 16.4586309,18.96875 14.75,18.96875 L3.25,18.96875 C1.54136906,18.96875 0.15625,17.5836309 0.15625,15.875 L0.15625,5.5 C0.15625,3.79136906 1.54136906,2.40625 3.25,2.40625 L4.60069444,2.40625 L4.60069444,1 C4.60069444,0.534009742 4.97845419,0.15625 5.44444444,0.15625 C5.9104347,0.15625 6.28819444,0.534009742 6.28819444,1 L6.28819444,2.40625 Z M1.84375,8.95486111 L1.84375,15.875 C1.84375,16.6516504 2.47334957,17.28125 3.25,17.28125 L14.75,17.28125 C15.5266504,17.28125 16.15625,16.6516504 16.15625,15.875 L16.15625,8.95486111 L1.84375,8.95486111 Z\"\/><\/svg>sty 29, 2025<\/span><span class=\"ultp-post-read ultp-block-meta-element\"><svg xmlns=\"http:\/\/www.w3.org\/2000\/svg\" enable-background=\"new 0 0 485.5 485.5\" viewBox=\"0 0 485.5 485.5\"><path d=\"m422.1 126.2h-295.7c-27.4 0-49.8-22.3-49.8-49.8 0-27.4 22.3-49.8 49.8-49.8h295.8c7.4 0 13.3-6 13.3-13.3 0-7.4-6-13.3-13.3-13.3h-295.8c-42.1 0-76.4 34.3-76.4 76.4v332.7c0 42.1 34.3 76.4 76.4 76.4h295.8c7.4 0 13.3-6 13.3-13.3v-332.7c-0.1-7.3-6-13.3-13.4-13.3zm-13.3 332.7h-282.4c-27.4 0-49.8-22.3-49.8-49.8v-274.7c13.4 11.5 30.8 18.5 49.8 18.5h282.4v306z\"\/><path d=\"M130.6,64.3c-7.4,0-13.3,6-13.3,13.3s6,13.3,13.3,13.3h249.8c7.4,0,13.3-6,13.3-13.3s-6-13.3-13.3-13.3H130.6z\"\/><path d=\"m177.4 400.7c1.5 0.5 3 0.8 4.5 0.8 5.5 0 10.6-3.4 12.5-8.8l16.2-45.3h62.4c0.5 0 1.1 0 1.6-0.1l16.2 45.4c1.9 5.4 7.1 8.8 12.5 8.8 1.5 0 3-0.3 4.5-0.8 6.9-2.5 10.5-10.1 8-17l-60.6-169.9c-0.1-0.4-0.3-0.8-0.5-1.2l-0.6-1.2c-0.1-0.2-0.3-0.4-0.4-0.7-0.1-0.1-0.2-0.3-0.3-0.4-0.1-0.2-0.3-0.4-0.5-0.6-0.1-0.1-0.2-0.3-0.4-0.4-0.1-0.2-0.3-0.3-0.5-0.5s-0.3-0.3-0.5-0.5c-0.1-0.1-0.3-0.2-0.4-0.4-0.2-0.2-0.4-0.3-0.6-0.5-0.1-0.1-0.3-0.2-0.4-0.3-0.2-0.1-0.4-0.3-0.6-0.4l-0.6-0.3s-0.4-0.2-0.6-0.3c-0.4-0.2-0.8-0.4-1.2-0.5h-0.1l-1.2-0.3c-0.2 0-0.3-0.1-0.5-0.1-0.3-0.1-0.5-0.1-0.8-0.2-0.2 0-0.4 0-0.6-0.1-0.2 0-0.5-0.1-0.7-0.1s-0.4 0-0.6 0h-0.7c-0.2 0-0.5 0-0.7 0.1-0.2 0-0.4 0-0.6 0.1-0.3 0-0.5 0.1-0.8 0.2-0.2 0-0.3 0.1-0.5 0.1-0.4 0.1-0.8 0.2-1.1 0.3h-0.1c-0.4 0.1-0.8 0.3-1.2 0.5l-1.2 0.6c-0.2 0.1-0.4 0.3-0.7 0.4-0.1 0.1-0.3 0.2-0.4 0.3-0.2 0.2-0.4 0.3-0.6 0.5-0.1 0.1-0.3 0.2-0.4 0.4l-0.5 0.5s-0.3 0.3-0.5 0.5c-0.1 0.1-0.2 0.3-0.4 0.4-0.2 0.2-0.3 0.4-0.5 0.6-0.1 0.1-0.2 0.3-0.3 0.4-0.1 0.2-0.3 0.4-0.4 0.6l-0.6 1.2c-0.2 0.4-0.4 0.8-0.5 1.2l-60.8 169.9c-2.2 7 1.4 14.6 8.3 17.1zm65.3-142.9 22.5 63h-45.1l22.6-63z\"\/><\/svg>6 min read<\/span><\/div><div class=\"ultp-block-excerpt\"><p>W ko\u0144cu spe\u0142ni\u0142am jedno ze swoich marze\u0144 \u2013 wyjecha\u0142am do Gwatemali! To kraj, kt\u00f3ry od dawna kusi\u0142 mnie swoj\u0105 kultur\u0105, histori\u0105 i niesamowit\u0105 r\u00f3\u017cnorodno\u015bci\u0105. Chcia\u0142abym podzieli\u0107 si\u0119 z Wami moimi wra\u017ceniami i do\u015bwiadczeniami z tego wyj\u0105tkowego wyjazdu. Gwatemala \u2013 kraina&hellip;<\/p>\n<\/div><\/div><\/div><\/div><\/div><\/div><div class=\"ultp-block-item post-id-343\"><div><div class=\"ultp-block-slider-wrap\"><div class=\"ultp-block-image-inner\"><div class=\"ultp-block-image \"><a href=\"https:\/\/siism-nh.dkonto.pl\/index.php\/2025\/01\/28\/343\/\" ><img decoding=\"async\"  alt=\"Meksyk &#8211; kraj kolor\u00f3w, kultury i niezapomnianych wra\u017ce\u0144\"  src=\"https:\/\/siism-nh.dkonto.pl\/wp-content\/uploads\/2025\/01\/IMG_2143.jpeg\" \/><\/a><\/div><\/div><div class=\"ultp-block-content ultp-block-content-middlePosition ultp-block-content-centerPosition\"><div class=\"ultp-block-content-inner\"><div class=\"ultp-category-grid ultp-category-classic ultp-category-aboveTitle\"><div class=\"ultp-category-in\"><a class=\"ultp-cat-ameryka-srodkowa\" href=\"https:\/\/siism-nh.dkonto.pl\/index.php\/category\/ameryka-srodkowa\/\"  >Ameryka \u015arodkowa<\/a><\/div><\/div><h3 class=\"ultp-block-title \"><a href=\"https:\/\/siism-nh.dkonto.pl\/index.php\/2025\/01\/28\/343\/\" >Meksyk &#8211; kraj kolor\u00f3w, kultury i niezapomnianych wra\u017ce\u0144<\/a><\/h3><div class=\"ultp-block-meta ultp-block-meta-dash ultp-block-meta-icon\"><span class=\"ultp-block-author ultp-block-meta-element\"><svg xmlns=\"http:\/\/www.w3.org\/2000\/svg\" viewBox=\"0 0 18 20\"><path d=\"M18,19 C18,19.5522847 17.5522847,20 17,20 C16.4477153,20 16,19.5522847 16,19 L16,17 C16,15.3431458 14.6568542,14 13,14 L5,14 C3.34314575,14 2,15.3431458 2,17 L2,19 C2,19.5522847 1.55228475,20 1,20 C0.44771525,20 0,19.5522847 0,19 L0,17 C0,14.2385763 2.23857625,12 5,12 L13,12 C15.7614237,12 18,14.2385763 18,17 L18,19 Z M9,10 C6.23857625,10 4,7.76142375 4,5 C4,2.23857625 6.23857625,0 9,0 C11.7614237,0 14,2.23857625 14,5 C14,7.76142375 11.7614237,10 9,10 Z M9,8 C10.6568542,8 12,6.65685425 12,5 C12,3.34314575 10.6568542,2 9,2 C7.34314575,2 6,3.34314575 6,5 C6,6.65685425 7.34314575,8 9,8 Z\"\/><\/svg><a class=\"\" href=\"https:\/\/siism-nh.dkonto.pl\/index.php\/author\/zr\/\">zr<\/a><\/span><span class=\"ultp-block-date ultp-block-meta-element\"><svg xmlns=\"http:\/\/www.w3.org\/2000\/svg\" viewBox=\"0 0 18 19\"><path d=\"M4.60069444,4.09375 L3.25,4.09375 C2.47334957,4.09375 1.84375,4.72334957 1.84375,5.5 L1.84375,7.26736111 L16.15625,7.26736111 L16.15625,5.5 C16.15625,4.72334957 15.5266504,4.09375 14.75,4.09375 L13.3993056,4.09375 L13.3993056,4.55555556 C13.3993056,5.02154581 13.0215458,5.39930556 12.5555556,5.39930556 C12.0895653,5.39930556 11.7118056,5.02154581 11.7118056,4.55555556 L11.7118056,4.09375 L6.28819444,4.09375 L6.28819444,4.55555556 C6.28819444,5.02154581 5.9104347,5.39930556 5.44444444,5.39930556 C4.97845419,5.39930556 4.60069444,5.02154581 4.60069444,4.55555556 L4.60069444,4.09375 Z M6.28819444,2.40625 L11.7118056,2.40625 L11.7118056,1 C11.7118056,0.534009742 12.0895653,0.15625 12.5555556,0.15625 C13.0215458,0.15625 13.3993056,0.534009742 13.3993056,1 L13.3993056,2.40625 L14.75,2.40625 C16.4586309,2.40625 17.84375,3.79136906 17.84375,5.5 L17.84375,15.875 C17.84375,17.5836309 16.4586309,18.96875 14.75,18.96875 L3.25,18.96875 C1.54136906,18.96875 0.15625,17.5836309 0.15625,15.875 L0.15625,5.5 C0.15625,3.79136906 1.54136906,2.40625 3.25,2.40625 L4.60069444,2.40625 L4.60069444,1 C4.60069444,0.534009742 4.97845419,0.15625 5.44444444,0.15625 C5.9104347,0.15625 6.28819444,0.534009742 6.28819444,1 L6.28819444,2.40625 Z M1.84375,8.95486111 L1.84375,15.875 C1.84375,16.6516504 2.47334957,17.28125 3.25,17.28125 L14.75,17.28125 C15.5266504,17.28125 16.15625,16.6516504 16.15625,15.875 L16.15625,8.95486111 L1.84375,8.95486111 Z\"\/><\/svg>sty 28, 2025<\/span><span class=\"ultp-post-read ultp-block-meta-element\"><svg xmlns=\"http:\/\/www.w3.org\/2000\/svg\" enable-background=\"new 0 0 485.5 485.5\" viewBox=\"0 0 485.5 485.5\"><path d=\"m422.1 126.2h-295.7c-27.4 0-49.8-22.3-49.8-49.8 0-27.4 22.3-49.8 49.8-49.8h295.8c7.4 0 13.3-6 13.3-13.3 0-7.4-6-13.3-13.3-13.3h-295.8c-42.1 0-76.4 34.3-76.4 76.4v332.7c0 42.1 34.3 76.4 76.4 76.4h295.8c7.4 0 13.3-6 13.3-13.3v-332.7c-0.1-7.3-6-13.3-13.4-13.3zm-13.3 332.7h-282.4c-27.4 0-49.8-22.3-49.8-49.8v-274.7c13.4 11.5 30.8 18.5 49.8 18.5h282.4v306z\"\/><path d=\"M130.6,64.3c-7.4,0-13.3,6-13.3,13.3s6,13.3,13.3,13.3h249.8c7.4,0,13.3-6,13.3-13.3s-6-13.3-13.3-13.3H130.6z\"\/><path d=\"m177.4 400.7c1.5 0.5 3 0.8 4.5 0.8 5.5 0 10.6-3.4 12.5-8.8l16.2-45.3h62.4c0.5 0 1.1 0 1.6-0.1l16.2 45.4c1.9 5.4 7.1 8.8 12.5 8.8 1.5 0 3-0.3 4.5-0.8 6.9-2.5 10.5-10.1 8-17l-60.6-169.9c-0.1-0.4-0.3-0.8-0.5-1.2l-0.6-1.2c-0.1-0.2-0.3-0.4-0.4-0.7-0.1-0.1-0.2-0.3-0.3-0.4-0.1-0.2-0.3-0.4-0.5-0.6-0.1-0.1-0.2-0.3-0.4-0.4-0.1-0.2-0.3-0.3-0.5-0.5s-0.3-0.3-0.5-0.5c-0.1-0.1-0.3-0.2-0.4-0.4-0.2-0.2-0.4-0.3-0.6-0.5-0.1-0.1-0.3-0.2-0.4-0.3-0.2-0.1-0.4-0.3-0.6-0.4l-0.6-0.3s-0.4-0.2-0.6-0.3c-0.4-0.2-0.8-0.4-1.2-0.5h-0.1l-1.2-0.3c-0.2 0-0.3-0.1-0.5-0.1-0.3-0.1-0.5-0.1-0.8-0.2-0.2 0-0.4 0-0.6-0.1-0.2 0-0.5-0.1-0.7-0.1s-0.4 0-0.6 0h-0.7c-0.2 0-0.5 0-0.7 0.1-0.2 0-0.4 0-0.6 0.1-0.3 0-0.5 0.1-0.8 0.2-0.2 0-0.3 0.1-0.5 0.1-0.4 0.1-0.8 0.2-1.1 0.3h-0.1c-0.4 0.1-0.8 0.3-1.2 0.5l-1.2 0.6c-0.2 0.1-0.4 0.3-0.7 0.4-0.1 0.1-0.3 0.2-0.4 0.3-0.2 0.2-0.4 0.3-0.6 0.5-0.1 0.1-0.3 0.2-0.4 0.4l-0.5 0.5s-0.3 0.3-0.5 0.5c-0.1 0.1-0.2 0.3-0.4 0.4-0.2 0.2-0.3 0.4-0.5 0.6-0.1 0.1-0.2 0.3-0.3 0.4-0.1 0.2-0.3 0.4-0.4 0.6l-0.6 1.2c-0.2 0.4-0.4 0.8-0.5 1.2l-60.8 169.9c-2.2 7 1.4 14.6 8.3 17.1zm65.3-142.9 22.5 63h-45.1l22.6-63z\"\/><\/svg>3 min read<\/span><\/div><div class=\"ultp-block-excerpt\"><p>Meksyk to jedno z tych miejsc na mapie, kt\u00f3re urzekaj\u0105 od pierwszego spojrzenia. Bogata historia, przepi\u0119kne krajobrazy i niesamowita r\u00f3\u017cnorodno\u015b\u0107 sprawiaj\u0105, \u017ce ka\u017cdy podr\u00f3\u017cnik znajdzie tu co\u015b dla siebie \u2013 od mi\u0142o\u015bnik\u00f3w natury i pla\u017c, przez fan\u00f3w historii i archeologii,&hellip;<\/p>\n<\/div><\/div><\/div><\/div><\/div><\/div><\/div><div class=\"ultp-slick-nav\" style=\"display:none\"><div class=\"ultp-slick-prev\"><div class=\"slick-arrow slick-prev\"><svg enable-background=\"new 0 0 477.175 477.175\" version=\"1.1\" viewBox=\"0 0 477.18 477.18\"><path d=\"m145.19 238.58 215.5-215.5c5.3-5.3 5.3-13.8 0-19.1s-13.8-5.3-19.1 0l-225.1 225.1c-5.3 5.3-5.3 13.8 0 19.1l225.1 225c2.6 2.6 6.1 4 9.5 4s6.9-1.3 9.5-4c5.3-5.3 5.3-13.8 0-19.1l-215.4-215.5z\"><\/path><\/svg><\/div><\/div><div class=\"ultp-slick-next\"><div class=\"slick-arrow slick-next\"><svg enable-background=\"new 0 0 477.175 477.175\" version=\"1.1\" viewBox=\"0 0 477.18 477.18\"><path d=\"m360.73 229.08-225.1-225.1c-5.3-5.3-13.8-5.3-19.1 0s-5.3 13.8 0 19.1l215.5 215.5-215.5 215.5c-5.3 5.3-5.3 13.8 0 19.1 2.6 2.6 6.1 4 9.5 4s6.9-1.3 9.5-4l225.1-225.1c5.3-5.2 5.3-13.8 0.1-19z\"><\/path><\/svg><\/div><\/div><\/div><\/div><\/div>","protected":false},"excerpt":{"rendered":"<p>Ameryka \u015arodkowa to region, kt\u00f3ry zachwyca niezwyk\u0142\u0105 r\u00f3\u017cnorodno\u015bci\u0105 krajobraz\u00f3w, kultur i do\u015bwiadcze\u0144, b\u0119d\u0105c idealnym celem podr\u00f3\u017cy dla ka\u017cdego, kto pragnie odkrywa\u0107 \u015bwiat pe\u0142en kontrast\u00f3w. Siedem kraj\u00f3w \u2013 Belize, Gwatemala, Honduras, Salwador, Nikaragua, Kostaryka i Panama \u2013 oferuje niesko\u0144czon\u0105 ilo\u015b\u0107 atrakcji, od rajskich pla\u017c na wybrze\u017cach Karaib\u00f3w i Pacyfiku, przez tropikalne lasy deszczowe, a\u017c po majestatyczne [&hellip;]<\/p>\n","protected":false},"author":4,"featured_media":0,"parent":0,"menu_order":0,"comment_status":"closed","ping_status":"closed","template":"","meta":{"footnotes":""},"class_list":["post-59","page","type-page","status-publish","hentry"],"_links":{"self":[{"href":"https:\/\/siism-nh.dkonto.pl\/index.php\/wp-json\/wp\/v2\/pages\/59","targetHints":{"allow":["GET"]}}],"collection":[{"href":"https:\/\/siism-nh.dkonto.pl\/index.php\/wp-json\/wp\/v2\/pages"}],"about":[{"href":"https:\/\/siism-nh.dkonto.pl\/index.php\/wp-json\/wp\/v2\/types\/page"}],"author":[{"embeddable":true,"href":"https:\/\/siism-nh.dkonto.pl\/index.php\/wp-json\/wp\/v2\/users\/4"}],"replies":[{"embeddable":true,"href":"https:\/\/siism-nh.dkonto.pl\/index.php\/wp-json\/wp\/v2\/comments?post=59"}],"version-history":[{"count":4,"href":"https:\/\/siism-nh.dkonto.pl\/index.php\/wp-json\/wp\/v2\/pages\/59\/revisions"}],"predecessor-version":[{"id":374,"href":"https:\/\/siism-nh.dkonto.pl\/index.php\/wp-json\/wp\/v2\/pages\/59\/revisions\/374"}],"wp:attachment":[{"href":"https:\/\/siism-nh.dkonto.pl\/index.php\/wp-json\/wp\/v2\/media?parent=59"}],"curies":[{"name":"wp","href":"https:\/\/api.w.org\/{rel}","templated":true}]}}