{"id":53,"date":"2025-01-15T10:00:56","date_gmt":"2025-01-15T10:00:56","guid":{"rendered":"https:\/\/siism-nh.dkonto.pl\/?page_id=53"},"modified":"2025-01-29T09:31:33","modified_gmt":"2025-01-29T09:31:33","slug":"ameryka-poludniowa","status":"publish","type":"page","link":"https:\/\/siism-nh.dkonto.pl\/index.php\/ameryka-poludniowa\/","title":{"rendered":"Ameryka Po\u0142udniowa"},"content":{"rendered":"\n<div class=\"wp-block-group alignfull has-background-background-color has-background has-global-padding is-layout-constrained wp-container-core-group-is-layout-8a4bb6f9 wp-block-group-is-layout-constrained\" style=\"padding-right:0;padding-bottom:var(--wp--preset--spacing--60);padding-left:0\">\n<div class=\"wp-block-cover alignfull\" style=\"padding-right:var(--wp--preset--spacing--30);padding-left:var(--wp--preset--spacing--30);min-height:542px;aspect-ratio:unset;\"><span aria-hidden=\"true\" class=\"wp-block-cover__background has-background-dim-60 has-background-dim\" style=\"background-color:#1e1e1e\"><\/span><img loading=\"lazy\" decoding=\"async\" width=\"1200\" height=\"800\" class=\"wp-block-cover__image-background wp-image-226\" alt=\"\" src=\"https:\/\/siism-nh.dkonto.pl\/wp-content\/uploads\/2025\/01\/brasil.jpg\" data-object-fit=\"cover\" srcset=\"https:\/\/siism-nh.dkonto.pl\/wp-content\/uploads\/2025\/01\/brasil.jpg 1200w, https:\/\/siism-nh.dkonto.pl\/wp-content\/uploads\/2025\/01\/brasil-300x200.jpg 300w, https:\/\/siism-nh.dkonto.pl\/wp-content\/uploads\/2025\/01\/brasil-1024x683.jpg 1024w, https:\/\/siism-nh.dkonto.pl\/wp-content\/uploads\/2025\/01\/brasil-768x512.jpg 768w\" sizes=\"auto, (max-width: 1200px) 100vw, 1200px\" \/><div class=\"wp-block-cover__inner-container has-global-padding is-layout-constrained wp-container-core-cover-is-layout-ff778368 wp-block-cover-is-layout-constrained\">\n<div class=\"wp-block-group alignfull has-global-padding is-layout-constrained wp-container-core-group-is-layout-f85dfce0 wp-block-group-is-layout-constrained\" style=\"padding-top:var(--wp--preset--spacing--40);padding-bottom:var(--wp--preset--spacing--40)\">\n<p class=\"has-text-align-center\" style=\"margin-top:16px\">Kontynent pe\u0142en kontrast\u00f3w<\/p>\n<\/div>\n<\/div><\/div>\n\n\n\n<p>Ameryka Po\u0142udniowa to kontynent, kt\u00f3ry kusi podr\u00f3\u017cnik\u00f3w swoj\u0105 r\u00f3\u017cnorodno\u015bci\u0105 i bogactwem naturalnym. To miejsce, gdzie spotykaj\u0105 si\u0119 najwy\u017csze g\u00f3ry \u015bwiata, najwi\u0119ksza d\u017cungla, jedne z najpi\u0119kniejszych pla\u017c oraz t\u0119tni\u0105ce \u017cyciem metropolie i malownicze wioski. Wystarczy kilka krok\u00f3w, by przej\u015b\u0107 z tropikalnych las\u00f3w do pustynnych przestrzeni, z wulkanicznych teren\u00f3w wprost na wspania\u0142e jeziora czy do zrujnowanych miast sprzed wiek\u00f3w.<\/p>\n\n\n\n<p>Ameryka Po\u0142udniowa to tak\u017ce ogromne bogactwo kulturowe \u2013 od inkaskich ruin w Peru, przez kolonialne miasta w Argentynie, po nowoczesne metropolie w Brazylii. Ka\u017cdy kraj ma swoj\u0105 w\u0142asn\u0105, fascynuj\u0105c\u0105 histori\u0119, a podr\u00f3\u017cowanie po tym kontynencie to prawdziwa przygoda, kt\u00f3ra na d\u0142ugo pozostaje w pami\u0119ci. To miejsce, kt\u00f3re zachwyca kontrastami i r\u00f3\u017cnorodno\u015bci\u0105, oferuj\u0105c co\u015b dla ka\u017cdego \u2013 od mi\u0142o\u015bnik\u00f3w historii, przez entuzjast\u00f3w przyrody, a\u017c po poszukiwaczy przyg\u00f3d.<\/p>\n\n\n<div  class=\"ultp-post-grid-block wp-block-ultimate-post-post-grid-1 ultp-block-30bf22 alignwide\"><div class=\"ultp-block-wrapper\"><div class=\"ultp-loading\"><div class=\"ultp-loading-blocks\" style=\"width:100%;height:100%;\"><div style=\"left: 0;top: 0;animation-delay:0s;\"><\/div><div style=\"left: 21px;top: 0;animation-delay:0.125s;\"><\/div><div style=\"left: 42px;top: 0;animation-delay:0.25s;\"><\/div><div style=\"left: 0;top: 21px;animation-delay:0.875s;\"><\/div><div style=\"left: 42px;top: 21px;animation-delay:0.375s;\"><\/div><div style=\"left: 0;top: 42px;animation-delay:0.75s;\"><\/div><div style=\"left: 42px;top: 42px;animation-delay:0.625s;\"><\/div><div style=\"left: 21px;top: 42px;animation-delay:0.5s;\"><\/div><\/div><\/div><div class=\"ultp-block-items-wrap ultp-block-row ultp-pg1a-style1 ultp-block-column-3 ultp-layout1\"><div class=\"ultp-block-item post-id-238\"><div class=\"ultp-block-content-wrap\"><div class=\"ultp-block-image ultp-block-image-opacity\"><a href=\"https:\/\/siism-nh.dkonto.pl\/index.php\/2025\/01\/22\/peru\/\" ><img decoding=\"async\"  class=\"ultp-block-image-content\"  alt=\"Peru-od Machu Picchu po Smaki Amazonii\"  src=\"https:\/\/siism-nh.dkonto.pl\/wp-content\/uploads\/2025\/01\/machu_picchu.jpg\" \/><\/a><\/div><div class=\"ultp-block-content\"><div class=\"ultp-category-grid ultp-category-classic ultp-category-aboveTitle\"><div class=\"ultp-category-in\"><a class=\"ultp-cat-ameryka-poludniowa\" href=\"https:\/\/siism-nh.dkonto.pl\/index.php\/category\/ameryka-poludniowa\/\"  >Ameryka Po\u0142udniowa<\/a><\/div><\/div><h3 class=\"ultp-block-title \"><a href=\"https:\/\/siism-nh.dkonto.pl\/index.php\/2025\/01\/22\/peru\/\" >Peru-od Machu Picchu po Smaki Amazonii<\/a><\/h3><div class=\"ultp-block-meta ultp-block-meta-dot ultp-block-meta-icon\"><span class=\"ultp-block-author ultp-block-meta-element\"><svg xmlns=\"http:\/\/www.w3.org\/2000\/svg\" viewBox=\"0 0 18 20\"><path d=\"M18,19 C18,19.5522847 17.5522847,20 17,20 C16.4477153,20 16,19.5522847 16,19 L16,17 C16,15.3431458 14.6568542,14 13,14 L5,14 C3.34314575,14 2,15.3431458 2,17 L2,19 C2,19.5522847 1.55228475,20 1,20 C0.44771525,20 0,19.5522847 0,19 L0,17 C0,14.2385763 2.23857625,12 5,12 L13,12 C15.7614237,12 18,14.2385763 18,17 L18,19 Z M9,10 C6.23857625,10 4,7.76142375 4,5 C4,2.23857625 6.23857625,0 9,0 C11.7614237,0 14,2.23857625 14,5 C14,7.76142375 11.7614237,10 9,10 Z M9,8 C10.6568542,8 12,6.65685425 12,5 C12,3.34314575 10.6568542,2 9,2 C7.34314575,2 6,3.34314575 6,5 C6,6.65685425 7.34314575,8 9,8 Z\"\/><\/svg><a class=\"\" href=\"https:\/\/siism-nh.dkonto.pl\/index.php\/author\/zk\/\">zk<\/a><\/span><span class=\"ultp-block-date ultp-block-meta-element\"><svg xmlns=\"http:\/\/www.w3.org\/2000\/svg\" viewBox=\"0 0 18 19\"><path d=\"M4.60069444,4.09375 L3.25,4.09375 C2.47334957,4.09375 1.84375,4.72334957 1.84375,5.5 L1.84375,7.26736111 L16.15625,7.26736111 L16.15625,5.5 C16.15625,4.72334957 15.5266504,4.09375 14.75,4.09375 L13.3993056,4.09375 L13.3993056,4.55555556 C13.3993056,5.02154581 13.0215458,5.39930556 12.5555556,5.39930556 C12.0895653,5.39930556 11.7118056,5.02154581 11.7118056,4.55555556 L11.7118056,4.09375 L6.28819444,4.09375 L6.28819444,4.55555556 C6.28819444,5.02154581 5.9104347,5.39930556 5.44444444,5.39930556 C4.97845419,5.39930556 4.60069444,5.02154581 4.60069444,4.55555556 L4.60069444,4.09375 Z M6.28819444,2.40625 L11.7118056,2.40625 L11.7118056,1 C11.7118056,0.534009742 12.0895653,0.15625 12.5555556,0.15625 C13.0215458,0.15625 13.3993056,0.534009742 13.3993056,1 L13.3993056,2.40625 L14.75,2.40625 C16.4586309,2.40625 17.84375,3.79136906 17.84375,5.5 L17.84375,15.875 C17.84375,17.5836309 16.4586309,18.96875 14.75,18.96875 L3.25,18.96875 C1.54136906,18.96875 0.15625,17.5836309 0.15625,15.875 L0.15625,5.5 C0.15625,3.79136906 1.54136906,2.40625 3.25,2.40625 L4.60069444,2.40625 L4.60069444,1 C4.60069444,0.534009742 4.97845419,0.15625 5.44444444,0.15625 C5.9104347,0.15625 6.28819444,0.534009742 6.28819444,1 L6.28819444,2.40625 Z M1.84375,8.95486111 L1.84375,15.875 C1.84375,16.6516504 2.47334957,17.28125 3.25,17.28125 L14.75,17.28125 C15.5266504,17.28125 16.15625,16.6516504 16.15625,15.875 L16.15625,8.95486111 L1.84375,8.95486111 Z\"\/><\/svg>sty 22, 2025<\/span><span class=\"ultp-post-read ultp-block-meta-element\"><svg xmlns=\"http:\/\/www.w3.org\/2000\/svg\" enable-background=\"new 0 0 485.5 485.5\" viewBox=\"0 0 485.5 485.5\"><path d=\"m422.1 126.2h-295.7c-27.4 0-49.8-22.3-49.8-49.8 0-27.4 22.3-49.8 49.8-49.8h295.8c7.4 0 13.3-6 13.3-13.3 0-7.4-6-13.3-13.3-13.3h-295.8c-42.1 0-76.4 34.3-76.4 76.4v332.7c0 42.1 34.3 76.4 76.4 76.4h295.8c7.4 0 13.3-6 13.3-13.3v-332.7c-0.1-7.3-6-13.3-13.4-13.3zm-13.3 332.7h-282.4c-27.4 0-49.8-22.3-49.8-49.8v-274.7c13.4 11.5 30.8 18.5 49.8 18.5h282.4v306z\"\/><path d=\"M130.6,64.3c-7.4,0-13.3,6-13.3,13.3s6,13.3,13.3,13.3h249.8c7.4,0,13.3-6,13.3-13.3s-6-13.3-13.3-13.3H130.6z\"\/><path d=\"m177.4 400.7c1.5 0.5 3 0.8 4.5 0.8 5.5 0 10.6-3.4 12.5-8.8l16.2-45.3h62.4c0.5 0 1.1 0 1.6-0.1l16.2 45.4c1.9 5.4 7.1 8.8 12.5 8.8 1.5 0 3-0.3 4.5-0.8 6.9-2.5 10.5-10.1 8-17l-60.6-169.9c-0.1-0.4-0.3-0.8-0.5-1.2l-0.6-1.2c-0.1-0.2-0.3-0.4-0.4-0.7-0.1-0.1-0.2-0.3-0.3-0.4-0.1-0.2-0.3-0.4-0.5-0.6-0.1-0.1-0.2-0.3-0.4-0.4-0.1-0.2-0.3-0.3-0.5-0.5s-0.3-0.3-0.5-0.5c-0.1-0.1-0.3-0.2-0.4-0.4-0.2-0.2-0.4-0.3-0.6-0.5-0.1-0.1-0.3-0.2-0.4-0.3-0.2-0.1-0.4-0.3-0.6-0.4l-0.6-0.3s-0.4-0.2-0.6-0.3c-0.4-0.2-0.8-0.4-1.2-0.5h-0.1l-1.2-0.3c-0.2 0-0.3-0.1-0.5-0.1-0.3-0.1-0.5-0.1-0.8-0.2-0.2 0-0.4 0-0.6-0.1-0.2 0-0.5-0.1-0.7-0.1s-0.4 0-0.6 0h-0.7c-0.2 0-0.5 0-0.7 0.1-0.2 0-0.4 0-0.6 0.1-0.3 0-0.5 0.1-0.8 0.2-0.2 0-0.3 0.1-0.5 0.1-0.4 0.1-0.8 0.2-1.1 0.3h-0.1c-0.4 0.1-0.8 0.3-1.2 0.5l-1.2 0.6c-0.2 0.1-0.4 0.3-0.7 0.4-0.1 0.1-0.3 0.2-0.4 0.3-0.2 0.2-0.4 0.3-0.6 0.5-0.1 0.1-0.3 0.2-0.4 0.4l-0.5 0.5s-0.3 0.3-0.5 0.5c-0.1 0.1-0.2 0.3-0.4 0.4-0.2 0.2-0.3 0.4-0.5 0.6-0.1 0.1-0.2 0.3-0.3 0.4-0.1 0.2-0.3 0.4-0.4 0.6l-0.6 1.2c-0.2 0.4-0.4 0.8-0.5 1.2l-60.8 169.9c-2.2 7 1.4 14.6 8.3 17.1zm65.3-142.9 22.5 63h-45.1l22.6-63z\"\/><\/svg>4 min read<\/span><\/div><div class=\"ultp-block-excerpt\"><p>Moja Wycieczka do Peru \u2013 Z Ruin Ink\u00f3w do Amazo\u0144skiej&hellip;<\/p>\n<\/div><\/div><\/div><\/div><div class=\"ultp-block-item post-id-173\"><div class=\"ultp-block-content-wrap\"><div class=\"ultp-block-image ultp-block-image-opacity\"><a href=\"https:\/\/siism-nh.dkonto.pl\/index.php\/2025\/01\/21\/kolumbia\/\" ><img decoding=\"async\"  class=\"ultp-block-image-content\"  alt=\"Kolumbia \u2013 Z\u0142ote Miasta, G\u00f3rskie Krajobrazy i Niezwyk\u0142a Historia\"  src=\"https:\/\/siism-nh.dkonto.pl\/wp-content\/uploads\/2025\/01\/910d5d54ef2ba03b1c6172062a93-1605815.jpgd_.jpeg\" \/><\/a><\/div><div class=\"ultp-block-content\"><div class=\"ultp-category-grid ultp-category-classic ultp-category-aboveTitle\"><div class=\"ultp-category-in\"><a class=\"ultp-cat-ameryka-poludniowa\" href=\"https:\/\/siism-nh.dkonto.pl\/index.php\/category\/ameryka-poludniowa\/\"  >Ameryka Po\u0142udniowa<\/a><\/div><\/div><h3 class=\"ultp-block-title \"><a href=\"https:\/\/siism-nh.dkonto.pl\/index.php\/2025\/01\/21\/kolumbia\/\" >Kolumbia \u2013 Z\u0142ote Miasta, G\u00f3rskie Krajobrazy i Niezwyk\u0142a Historia<\/a><\/h3><div class=\"ultp-block-meta ultp-block-meta-dot ultp-block-meta-icon\"><span class=\"ultp-block-author ultp-block-meta-element\"><svg xmlns=\"http:\/\/www.w3.org\/2000\/svg\" viewBox=\"0 0 18 20\"><path d=\"M18,19 C18,19.5522847 17.5522847,20 17,20 C16.4477153,20 16,19.5522847 16,19 L16,17 C16,15.3431458 14.6568542,14 13,14 L5,14 C3.34314575,14 2,15.3431458 2,17 L2,19 C2,19.5522847 1.55228475,20 1,20 C0.44771525,20 0,19.5522847 0,19 L0,17 C0,14.2385763 2.23857625,12 5,12 L13,12 C15.7614237,12 18,14.2385763 18,17 L18,19 Z M9,10 C6.23857625,10 4,7.76142375 4,5 C4,2.23857625 6.23857625,0 9,0 C11.7614237,0 14,2.23857625 14,5 C14,7.76142375 11.7614237,10 9,10 Z M9,8 C10.6568542,8 12,6.65685425 12,5 C12,3.34314575 10.6568542,2 9,2 C7.34314575,2 6,3.34314575 6,5 C6,6.65685425 7.34314575,8 9,8 Z\"\/><\/svg><a class=\"\" href=\"https:\/\/siism-nh.dkonto.pl\/index.php\/author\/zk\/\">zk<\/a><\/span><span class=\"ultp-block-date ultp-block-meta-element\"><svg xmlns=\"http:\/\/www.w3.org\/2000\/svg\" viewBox=\"0 0 18 19\"><path d=\"M4.60069444,4.09375 L3.25,4.09375 C2.47334957,4.09375 1.84375,4.72334957 1.84375,5.5 L1.84375,7.26736111 L16.15625,7.26736111 L16.15625,5.5 C16.15625,4.72334957 15.5266504,4.09375 14.75,4.09375 L13.3993056,4.09375 L13.3993056,4.55555556 C13.3993056,5.02154581 13.0215458,5.39930556 12.5555556,5.39930556 C12.0895653,5.39930556 11.7118056,5.02154581 11.7118056,4.55555556 L11.7118056,4.09375 L6.28819444,4.09375 L6.28819444,4.55555556 C6.28819444,5.02154581 5.9104347,5.39930556 5.44444444,5.39930556 C4.97845419,5.39930556 4.60069444,5.02154581 4.60069444,4.55555556 L4.60069444,4.09375 Z M6.28819444,2.40625 L11.7118056,2.40625 L11.7118056,1 C11.7118056,0.534009742 12.0895653,0.15625 12.5555556,0.15625 C13.0215458,0.15625 13.3993056,0.534009742 13.3993056,1 L13.3993056,2.40625 L14.75,2.40625 C16.4586309,2.40625 17.84375,3.79136906 17.84375,5.5 L17.84375,15.875 C17.84375,17.5836309 16.4586309,18.96875 14.75,18.96875 L3.25,18.96875 C1.54136906,18.96875 0.15625,17.5836309 0.15625,15.875 L0.15625,5.5 C0.15625,3.79136906 1.54136906,2.40625 3.25,2.40625 L4.60069444,2.40625 L4.60069444,1 C4.60069444,0.534009742 4.97845419,0.15625 5.44444444,0.15625 C5.9104347,0.15625 6.28819444,0.534009742 6.28819444,1 L6.28819444,2.40625 Z M1.84375,8.95486111 L1.84375,15.875 C1.84375,16.6516504 2.47334957,17.28125 3.25,17.28125 L14.75,17.28125 C15.5266504,17.28125 16.15625,16.6516504 16.15625,15.875 L16.15625,8.95486111 L1.84375,8.95486111 Z\"\/><\/svg>sty 21, 2025<\/span><span class=\"ultp-post-read ultp-block-meta-element\"><svg xmlns=\"http:\/\/www.w3.org\/2000\/svg\" enable-background=\"new 0 0 485.5 485.5\" viewBox=\"0 0 485.5 485.5\"><path d=\"m422.1 126.2h-295.7c-27.4 0-49.8-22.3-49.8-49.8 0-27.4 22.3-49.8 49.8-49.8h295.8c7.4 0 13.3-6 13.3-13.3 0-7.4-6-13.3-13.3-13.3h-295.8c-42.1 0-76.4 34.3-76.4 76.4v332.7c0 42.1 34.3 76.4 76.4 76.4h295.8c7.4 0 13.3-6 13.3-13.3v-332.7c-0.1-7.3-6-13.3-13.4-13.3zm-13.3 332.7h-282.4c-27.4 0-49.8-22.3-49.8-49.8v-274.7c13.4 11.5 30.8 18.5 49.8 18.5h282.4v306z\"\/><path d=\"M130.6,64.3c-7.4,0-13.3,6-13.3,13.3s6,13.3,13.3,13.3h249.8c7.4,0,13.3-6,13.3-13.3s-6-13.3-13.3-13.3H130.6z\"\/><path d=\"m177.4 400.7c1.5 0.5 3 0.8 4.5 0.8 5.5 0 10.6-3.4 12.5-8.8l16.2-45.3h62.4c0.5 0 1.1 0 1.6-0.1l16.2 45.4c1.9 5.4 7.1 8.8 12.5 8.8 1.5 0 3-0.3 4.5-0.8 6.9-2.5 10.5-10.1 8-17l-60.6-169.9c-0.1-0.4-0.3-0.8-0.5-1.2l-0.6-1.2c-0.1-0.2-0.3-0.4-0.4-0.7-0.1-0.1-0.2-0.3-0.3-0.4-0.1-0.2-0.3-0.4-0.5-0.6-0.1-0.1-0.2-0.3-0.4-0.4-0.1-0.2-0.3-0.3-0.5-0.5s-0.3-0.3-0.5-0.5c-0.1-0.1-0.3-0.2-0.4-0.4-0.2-0.2-0.4-0.3-0.6-0.5-0.1-0.1-0.3-0.2-0.4-0.3-0.2-0.1-0.4-0.3-0.6-0.4l-0.6-0.3s-0.4-0.2-0.6-0.3c-0.4-0.2-0.8-0.4-1.2-0.5h-0.1l-1.2-0.3c-0.2 0-0.3-0.1-0.5-0.1-0.3-0.1-0.5-0.1-0.8-0.2-0.2 0-0.4 0-0.6-0.1-0.2 0-0.5-0.1-0.7-0.1s-0.4 0-0.6 0h-0.7c-0.2 0-0.5 0-0.7 0.1-0.2 0-0.4 0-0.6 0.1-0.3 0-0.5 0.1-0.8 0.2-0.2 0-0.3 0.1-0.5 0.1-0.4 0.1-0.8 0.2-1.1 0.3h-0.1c-0.4 0.1-0.8 0.3-1.2 0.5l-1.2 0.6c-0.2 0.1-0.4 0.3-0.7 0.4-0.1 0.1-0.3 0.2-0.4 0.3-0.2 0.2-0.4 0.3-0.6 0.5-0.1 0.1-0.3 0.2-0.4 0.4l-0.5 0.5s-0.3 0.3-0.5 0.5c-0.1 0.1-0.2 0.3-0.4 0.4-0.2 0.2-0.3 0.4-0.5 0.6-0.1 0.1-0.2 0.3-0.3 0.4-0.1 0.2-0.3 0.4-0.4 0.6l-0.6 1.2c-0.2 0.4-0.4 0.8-0.5 1.2l-60.8 169.9c-2.2 7 1.4 14.6 8.3 17.1zm65.3-142.9 22.5 63h-45.1l22.6-63z\"\/><\/svg>3 min read<\/span><\/div><div class=\"ultp-block-excerpt\"><p>Cartagena de Indias: Klejnot Karaib\u00f3w Je\u015bli marzysz o podr\u00f3\u017cy do&hellip;<\/p>\n<\/div><\/div><\/div><\/div><\/div><\/div><div class=\"pagination-block-html\" aria-hidden=\"true\" style=\"display: none;\"><\/div><\/div>\n\n\n<div data-wp-context=\"{}\" data-wp-interactive=\"core\/query\" data-wp-key=\"10\" data-wp-router-region=\"query-10\" class=\"wp-block-query alignwide is-layout-flow wp-block-query-is-layout-flow\"><nav class=\"wp-block-query-pagination is-content-justification-center is-layout-flex wp-container-core-query-pagination-is-layout-a89b3969 wp-block-query-pagination-is-layout-flex\" aria-label=\"Stronicowanie\">\n\n\n<div class=\"wp-block-query-pagination-numbers\"><span data-wp-key=\"index-0\" aria-current=\"page\" class=\"page-numbers current\">1<\/span>\n<a data-wp-key=\"index-1\" data-wp-on--click=\"core\/query::actions.navigate\" class=\"page-numbers\" href=\"?query-10-page=2\">2<\/a><\/div>\n\n<a data-wp-key=\"query-pagination-next\" data-wp-on--click=\"core\/query::actions.navigate\" data-wp-on--mouseenter=\"core\/query::actions.prefetch\" data-wp-watch=\"core\/query::callbacks.prefetch\" href=\"\/index.php\/wp-json\/wp\/v2\/pages\/53?query-10-page=2\" class=\"wp-block-query-pagination-next\" aria-label=\"Nast\u0119pna strona\"><span class='wp-block-query-pagination-next-arrow is-arrow-arrow' aria-hidden='true'>\u2192<\/span><\/a>\n<\/nav>\n\n<\/div>\n\n\n\n<p><\/p>\n<\/div>\n\n\n\n<p><\/p>\n","protected":false},"excerpt":{"rendered":"<p>Ameryka Po\u0142udniowa to kontynent, kt\u00f3ry kusi podr\u00f3\u017cnik\u00f3w swoj\u0105 r\u00f3\u017cnorodno\u015bci\u0105 i bogactwem naturalnym. To miejsce, gdzie spotykaj\u0105 si\u0119 najwy\u017csze g\u00f3ry \u015bwiata, najwi\u0119ksza d\u017cungla, jedne z najpi\u0119kniejszych pla\u017c oraz t\u0119tni\u0105ce \u017cyciem metropolie i malownicze wioski. Wystarczy kilka krok\u00f3w, by przej\u015b\u0107 z tropikalnych las\u00f3w do pustynnych przestrzeni, z wulkanicznych teren\u00f3w wprost na wspania\u0142e jeziora czy do zrujnowanych miast [&hellip;]<\/p>\n","protected":false},"author":4,"featured_media":0,"parent":0,"menu_order":0,"comment_status":"closed","ping_status":"closed","template":"","meta":{"footnotes":""},"class_list":["post-53","page","type-page","status-publish","hentry"],"_links":{"self":[{"href":"https:\/\/siism-nh.dkonto.pl\/index.php\/wp-json\/wp\/v2\/pages\/53","targetHints":{"allow":["GET"]}}],"collection":[{"href":"https:\/\/siism-nh.dkonto.pl\/index.php\/wp-json\/wp\/v2\/pages"}],"about":[{"href":"https:\/\/siism-nh.dkonto.pl\/index.php\/wp-json\/wp\/v2\/types\/page"}],"author":[{"embeddable":true,"href":"https:\/\/siism-nh.dkonto.pl\/index.php\/wp-json\/wp\/v2\/users\/4"}],"replies":[{"embeddable":true,"href":"https:\/\/siism-nh.dkonto.pl\/index.php\/wp-json\/wp\/v2\/comments?post=53"}],"version-history":[{"count":5,"href":"https:\/\/siism-nh.dkonto.pl\/index.php\/wp-json\/wp\/v2\/pages\/53\/revisions"}],"predecessor-version":[{"id":376,"href":"https:\/\/siism-nh.dkonto.pl\/index.php\/wp-json\/wp\/v2\/pages\/53\/revisions\/376"}],"wp:attachment":[{"href":"https:\/\/siism-nh.dkonto.pl\/index.php\/wp-json\/wp\/v2\/media?parent=53"}],"curies":[{"name":"wp","href":"https:\/\/api.w.org\/{rel}","templated":true}]}}