{"id":49,"date":"2025-01-22T09:21:08","date_gmt":"2025-01-22T09:21:08","guid":{"rendered":"https:\/\/siism-nh.dkonto.pl\/?page_id=49"},"modified":"2025-01-29T10:22:54","modified_gmt":"2025-01-29T10:22:54","slug":"australia-i-oceania","status":"publish","type":"page","link":"https:\/\/siism-nh.dkonto.pl\/index.php\/australia-i-oceania\/","title":{"rendered":"Australia i Oceania"},"content":{"rendered":"\n<div class=\"wp-block-group alignfull has-background-background-color has-background has-global-padding is-layout-constrained wp-container-core-group-is-layout-8a4bb6f9 wp-block-group-is-layout-constrained\" style=\"padding-right:0;padding-bottom:var(--wp--preset--spacing--60);padding-left:0\">\n<div class=\"wp-block-cover alignfull\" style=\"padding-right:var(--wp--preset--spacing--30);padding-left:var(--wp--preset--spacing--30);min-height:50vh;aspect-ratio:unset;\"><span aria-hidden=\"true\" class=\"wp-block-cover__background has-background-dim-60 has-background-dim\" style=\"background-color:#1e1e1e\"><\/span><img loading=\"lazy\" decoding=\"async\" width=\"2560\" height=\"1707\" class=\"wp-block-cover__image-background wp-image-384\" alt=\"\" src=\"https:\/\/siism-nh.dkonto.pl\/wp-content\/uploads\/2025\/01\/pexels-patrick-995764-scaled.jpg\" data-object-fit=\"cover\" srcset=\"https:\/\/siism-nh.dkonto.pl\/wp-content\/uploads\/2025\/01\/pexels-patrick-995764-scaled.jpg 2560w, https:\/\/siism-nh.dkonto.pl\/wp-content\/uploads\/2025\/01\/pexels-patrick-995764-300x200.jpg 300w, https:\/\/siism-nh.dkonto.pl\/wp-content\/uploads\/2025\/01\/pexels-patrick-995764-1024x683.jpg 1024w, https:\/\/siism-nh.dkonto.pl\/wp-content\/uploads\/2025\/01\/pexels-patrick-995764-768x512.jpg 768w, https:\/\/siism-nh.dkonto.pl\/wp-content\/uploads\/2025\/01\/pexels-patrick-995764-1536x1024.jpg 1536w, https:\/\/siism-nh.dkonto.pl\/wp-content\/uploads\/2025\/01\/pexels-patrick-995764-2048x1365.jpg 2048w, https:\/\/siism-nh.dkonto.pl\/wp-content\/uploads\/2025\/01\/pexels-patrick-995764-1200x800.jpg 1200w\" sizes=\"auto, (max-width: 2560px) 100vw, 2560px\" \/><div class=\"wp-block-cover__inner-container has-global-padding is-layout-constrained wp-container-core-cover-is-layout-ff778368 wp-block-cover-is-layout-constrained\">\n<div class=\"wp-block-group alignfull has-global-padding is-layout-constrained wp-container-core-group-is-layout-f85dfce0 wp-block-group-is-layout-constrained\" style=\"padding-top:var(--wp--preset--spacing--40);padding-bottom:var(--wp--preset--spacing--40)\">\n<h1 class=\"wp-block-heading alignwide has-text-align-center has-text-color has-link-color wp-elements-585c0fb4ebfa69eb73312123e96be397\" style=\"color:#ffffff\">&#8222;Przyroda, r\u00f3\u017cnorodno\u015b\u0107, przysz\u0142o\u015b\u0107&#8221;<\/h1>\n<\/div>\n<\/div><\/div>\n\n\n\n<p class=\"has-text-align-left\">Australia i Oceania to fascynuj\u0105cy region \u015bwiata, kt\u00f3ry oferuje niezliczone mo\u017cliwo\u015bci dla podr\u00f3\u017cnik\u00f3w poszukuj\u0105cych przyg\u00f3d i niezapomnianych wra\u017ce\u0144. Australia, najwi\u0119kszy kraj w regionie, znana jest ze swojej r\u00f3\u017cnorodno\u015bci przyrodniczej i kulturowej. Od t\u0119tni\u0105cych \u017cyciem miast, takich jak Sydney i Melbourne, po spektakularne krajobrazy, jak Wielka Rafa Koralowa czy Uluru, Australia ma co\u015b do zaoferowania ka\u017cdemu.<\/p>\n\n\n\n<p class=\"has-text-align-left\">Oceania, obejmuj\u0105ca wyspy takie jak Nowa Zelandia, Fid\u017ci, Samoa czy Vanuatu, to raj dla mi\u0142o\u015bnik\u00f3w pla\u017c i sport\u00f3w wodnych. Nowa Zelandia zachwyca swoj\u0105 dzik\u0105 przyrod\u0105 i mo\u017cliwo\u015bciami trekkingu, w tym s\u0142ynnymi trasami, jak Milford Track. Z kolei Fid\u017ci i inne wyspy Pacyfiku kusz\u0105 krystalicznie czystymi wodami i rafami koralowymi, idealnymi do nurkowania i snorkelingu.<\/p>\n\n\n\n<p class=\"has-text-align-left\">Podr\u00f3\u017cuj\u0105c po Australii i Oceanii, warto r\u00f3wnie\u017c zag\u0142\u0119bi\u0107 si\u0119 w bogat\u0105 kultur\u0119 rdzennych mieszka\u0144c\u00f3w, takich jak Aborygeni w Australii czy Maorysi w Nowej Zelandii. Ich tradycje i sztuka stanowi\u0105 integraln\u0105 cz\u0119\u015b\u0107 to\u017csamo\u015bci tych region\u00f3w.<\/p>\n\n\n\n<p class=\"has-text-align-left\">Planuj\u0105c podr\u00f3\u017c do Australii i Oceanii, warto pami\u0119ta\u0107 o zr\u00f3\u017cnicowanych klimatach, kt\u00f3re mog\u0105 wp\u0142ywa\u0107 na wyb\u00f3r terminu wizyty. Sezon suchy i deszczowy oraz r\u00f3\u017cnice temperatur mi\u0119dzy poszczeg\u00f3lnymi cz\u0119\u015bciami regionu mog\u0105 wp\u0142yn\u0105\u0107 na komfort podr\u00f3\u017cy. Bez wzgl\u0119du na por\u0119 roku, Australia i Oceania oferuj\u0105 niezapomniane prze\u017cycia, kt\u00f3re z pewno\u015bci\u0105 zostan\u0105 w pami\u0119ci na d\u0142ugo.<\/p>\n<\/div>\n\n\n<div  class=\"ultp-post-grid-block wp-block-ultimate-post-post-grid-2 ultp-block-85183b\"><div class=\"ultp-block-wrapper\"><div class=\"ultp-loading\"><div class=\"ultp-loading-blocks\" style=\"width:100%;height:100%;\"><div style=\"left: 0;top: 0;animation-delay:0s;\"><\/div><div style=\"left: 21px;top: 0;animation-delay:0.125s;\"><\/div><div style=\"left: 42px;top: 0;animation-delay:0.25s;\"><\/div><div style=\"left: 0;top: 21px;animation-delay:0.875s;\"><\/div><div style=\"left: 42px;top: 21px;animation-delay:0.375s;\"><\/div><div style=\"left: 0;top: 42px;animation-delay:0.75s;\"><\/div><div style=\"left: 42px;top: 42px;animation-delay:0.625s;\"><\/div><div style=\"left: 21px;top: 42px;animation-delay:0.5s;\"><\/div><\/div><\/div><div class=\"ultp-block-items-wrap ultp-block-row\"><div class=\"ultp-block-item post-id-447\"><div class=\"ultp-block-content-wrap ultp-block-content-overlay\"><div class=\"ultp-block-image ultp-block-image-zoomOut ultp-block-image-overlay ultp-block-image-flat\"><a href=\"https:\/\/siism-nh.dkonto.pl\/index.php\/2025\/01\/29\/sydney-miasto-pelne-zycia-i-kultury-odkryj-jego-niezwykle-oblicza\/\" ><img decoding=\"async\"  src=\"https:\/\/siism-nh.dkonto.pl\/wp-content\/plugins\/ultimate-post\/assets\/img\/ultp-fallback-img.png\" alt=\"dummy-img\" \/><\/a><\/div><div class=\"ultp-block-content ultp-block-content-bottomPosition\"><div class=\"ultp-block-content-inner\"><div class=\"ultp-category-grid ultp-category-classic ultp-category-aboveTitle\"><div class=\"ultp-category-in\"><a class=\"ultp-cat-australia-i-oceania\" href=\"https:\/\/siism-nh.dkonto.pl\/index.php\/category\/australia-i-oceania\/\"  >Australia i Oceania<\/a><\/div><\/div><h3 class=\"ultp-block-title \"><a href=\"https:\/\/siism-nh.dkonto.pl\/index.php\/2025\/01\/29\/sydney-miasto-pelne-zycia-i-kultury-odkryj-jego-niezwykle-oblicza\/\" >Sydney &#8211; Miasto Pe\u0142ne \u017bycia i Kultury: Odkryj Jego Niezwyk\u0142e Oblicza<\/a><\/h3><div class=\"ultp-block-meta ultp-block-meta-dot ultp-block-meta-icon\"><span class=\"ultp-block-author ultp-block-meta-element\"><svg xmlns=\"http:\/\/www.w3.org\/2000\/svg\" viewBox=\"0 0 18 20\"><path d=\"M18,19 C18,19.5522847 17.5522847,20 17,20 C16.4477153,20 16,19.5522847 16,19 L16,17 C16,15.3431458 14.6568542,14 13,14 L5,14 C3.34314575,14 2,15.3431458 2,17 L2,19 C2,19.5522847 1.55228475,20 1,20 C0.44771525,20 0,19.5522847 0,19 L0,17 C0,14.2385763 2.23857625,12 5,12 L13,12 C15.7614237,12 18,14.2385763 18,17 L18,19 Z M9,10 C6.23857625,10 4,7.76142375 4,5 C4,2.23857625 6.23857625,0 9,0 C11.7614237,0 14,2.23857625 14,5 C14,7.76142375 11.7614237,10 9,10 Z M9,8 C10.6568542,8 12,6.65685425 12,5 C12,3.34314575 10.6568542,2 9,2 C7.34314575,2 6,3.34314575 6,5 C6,6.65685425 7.34314575,8 9,8 Z\"\/><\/svg><a class=\"\" href=\"https:\/\/siism-nh.dkonto.pl\/index.php\/author\/ml\/\">ml<\/a><\/span><span class=\"ultp-block-date ultp-block-meta-element\"><svg xmlns=\"http:\/\/www.w3.org\/2000\/svg\" viewBox=\"0 0 18 19\"><path d=\"M4.60069444,4.09375 L3.25,4.09375 C2.47334957,4.09375 1.84375,4.72334957 1.84375,5.5 L1.84375,7.26736111 L16.15625,7.26736111 L16.15625,5.5 C16.15625,4.72334957 15.5266504,4.09375 14.75,4.09375 L13.3993056,4.09375 L13.3993056,4.55555556 C13.3993056,5.02154581 13.0215458,5.39930556 12.5555556,5.39930556 C12.0895653,5.39930556 11.7118056,5.02154581 11.7118056,4.55555556 L11.7118056,4.09375 L6.28819444,4.09375 L6.28819444,4.55555556 C6.28819444,5.02154581 5.9104347,5.39930556 5.44444444,5.39930556 C4.97845419,5.39930556 4.60069444,5.02154581 4.60069444,4.55555556 L4.60069444,4.09375 Z M6.28819444,2.40625 L11.7118056,2.40625 L11.7118056,1 C11.7118056,0.534009742 12.0895653,0.15625 12.5555556,0.15625 C13.0215458,0.15625 13.3993056,0.534009742 13.3993056,1 L13.3993056,2.40625 L14.75,2.40625 C16.4586309,2.40625 17.84375,3.79136906 17.84375,5.5 L17.84375,15.875 C17.84375,17.5836309 16.4586309,18.96875 14.75,18.96875 L3.25,18.96875 C1.54136906,18.96875 0.15625,17.5836309 0.15625,15.875 L0.15625,5.5 C0.15625,3.79136906 1.54136906,2.40625 3.25,2.40625 L4.60069444,2.40625 L4.60069444,1 C4.60069444,0.534009742 4.97845419,0.15625 5.44444444,0.15625 C5.9104347,0.15625 6.28819444,0.534009742 6.28819444,1 L6.28819444,2.40625 Z M1.84375,8.95486111 L1.84375,15.875 C1.84375,16.6516504 2.47334957,17.28125 3.25,17.28125 L14.75,17.28125 C15.5266504,17.28125 16.15625,16.6516504 16.15625,15.875 L16.15625,8.95486111 L1.84375,8.95486111 Z\"\/><\/svg>sty 29, 2025<\/span><\/div><\/div><\/div><\/div><\/div><\/div><\/div><div class=\"pagination-block-html\" aria-hidden=\"true\" style=\"display: none;\"><\/div><\/div>\n\n\n<p><\/p>\n","protected":false},"excerpt":{"rendered":"<p>Australia i Oceania to fascynuj\u0105cy region \u015bwiata, kt\u00f3ry oferuje niezliczone mo\u017cliwo\u015bci dla podr\u00f3\u017cnik\u00f3w poszukuj\u0105cych przyg\u00f3d i niezapomnianych wra\u017ce\u0144. Australia, najwi\u0119kszy kraj w regionie, znana jest ze swojej r\u00f3\u017cnorodno\u015bci przyrodniczej i kulturowej. Od t\u0119tni\u0105cych \u017cyciem miast, takich jak Sydney i Melbourne, po spektakularne krajobrazy, jak Wielka Rafa Koralowa czy Uluru, Australia ma co\u015b do zaoferowania ka\u017cdemu. [&hellip;]<\/p>\n","protected":false},"author":4,"featured_media":0,"parent":0,"menu_order":0,"comment_status":"closed","ping_status":"closed","template":"","meta":{"footnotes":""},"class_list":["post-49","page","type-page","status-publish","hentry"],"_links":{"self":[{"href":"https:\/\/siism-nh.dkonto.pl\/index.php\/wp-json\/wp\/v2\/pages\/49","targetHints":{"allow":["GET"]}}],"collection":[{"href":"https:\/\/siism-nh.dkonto.pl\/index.php\/wp-json\/wp\/v2\/pages"}],"about":[{"href":"https:\/\/siism-nh.dkonto.pl\/index.php\/wp-json\/wp\/v2\/types\/page"}],"author":[{"embeddable":true,"href":"https:\/\/siism-nh.dkonto.pl\/index.php\/wp-json\/wp\/v2\/users\/4"}],"replies":[{"embeddable":true,"href":"https:\/\/siism-nh.dkonto.pl\/index.php\/wp-json\/wp\/v2\/comments?post=49"}],"version-history":[{"count":7,"href":"https:\/\/siism-nh.dkonto.pl\/index.php\/wp-json\/wp\/v2\/pages\/49\/revisions"}],"predecessor-version":[{"id":489,"href":"https:\/\/siism-nh.dkonto.pl\/index.php\/wp-json\/wp\/v2\/pages\/49\/revisions\/489"}],"wp:attachment":[{"href":"https:\/\/siism-nh.dkonto.pl\/index.php\/wp-json\/wp\/v2\/media?parent=49"}],"curies":[{"name":"wp","href":"https:\/\/api.w.org\/{rel}","templated":true}]}}