{"id":46,"date":"2025-01-15T09:48:33","date_gmt":"2025-01-15T09:48:33","guid":{"rendered":"https:\/\/siism-nh.dkonto.pl\/?page_id=46"},"modified":"2025-02-15T04:00:04","modified_gmt":"2025-02-15T04:00:04","slug":"afryka","status":"publish","type":"page","link":"https:\/\/siism-nh.dkonto.pl\/index.php\/afryka\/","title":{"rendered":"Afryka"},"content":{"rendered":"\n<div class=\"wp-block-group alignfull has-background-background-color has-background has-global-padding is-layout-constrained wp-container-core-group-is-layout-8a4bb6f9 wp-block-group-is-layout-constrained\" style=\"padding-right:0;padding-bottom:var(--wp--preset--spacing--60);padding-left:0\">\n<div class=\"wp-block-cover alignfull\" style=\"padding-right:var(--wp--preset--spacing--30);padding-left:var(--wp--preset--spacing--30);min-height:595px;aspect-ratio:unset;\"><span aria-hidden=\"true\" class=\"wp-block-cover__background has-background-dim\" style=\"background-color:#1e1e1e\"><\/span><img loading=\"lazy\" decoding=\"async\" width=\"1024\" height=\"1024\" class=\"wp-block-cover__image-background wp-image-89\" alt=\"\" src=\"https:\/\/siism-nh.dkonto.pl\/wp-content\/uploads\/2025\/01\/img-SEimRzfohfc4jDTDnfxBH22u.png\" style=\"object-position:52% 34%\" data-object-fit=\"cover\" data-object-position=\"52% 34%\" srcset=\"https:\/\/siism-nh.dkonto.pl\/wp-content\/uploads\/2025\/01\/img-SEimRzfohfc4jDTDnfxBH22u.png 1024w, https:\/\/siism-nh.dkonto.pl\/wp-content\/uploads\/2025\/01\/img-SEimRzfohfc4jDTDnfxBH22u-300x300.png 300w, https:\/\/siism-nh.dkonto.pl\/wp-content\/uploads\/2025\/01\/img-SEimRzfohfc4jDTDnfxBH22u-150x150.png 150w, https:\/\/siism-nh.dkonto.pl\/wp-content\/uploads\/2025\/01\/img-SEimRzfohfc4jDTDnfxBH22u-768x768.png 768w\" sizes=\"auto, (max-width: 1024px) 100vw, 1024px\" \/><div class=\"wp-block-cover__inner-container has-global-padding is-layout-constrained wp-container-core-cover-is-layout-ff778368 wp-block-cover-is-layout-constrained\">\n<div class=\"wp-block-group alignfull has-global-padding is-layout-constrained wp-container-core-group-is-layout-f85dfce0 wp-block-group-is-layout-constrained\" style=\"padding-top:var(--wp--preset--spacing--40);padding-bottom:var(--wp--preset--spacing--40)\">\n<h1 class=\"wp-block-heading alignwide has-text-align-center has-base-color has-text-color has-link-color wp-elements-df8cf3f67da94c35687adb8953420ce4\">&#8222;<strong>Afryka to kraj pe\u0142en sprzeczno\u015bci i kontrast\u00f3w, kraj, w kt\u00f3rym rzeczywisto\u015b\u0107 miesza si\u0119 z legend\u0105, a przesz\u0142o\u015b\u0107 z tera\u017aniejszo\u015bci\u0105.<\/strong>&#8222;<\/h1>\n<\/div>\n<\/div><\/div>\n<\/div>\n\n\n\n<p>Afryka to kontynent pe\u0142en kontrast\u00f3w i r\u00f3\u017cnorodno\u015bci, gdzie staro\u017cytne kultury spotykaj\u0105 si\u0119 z nowoczesno\u015bci\u0105. Rozci\u0105ga si\u0119 na ponad 30 milion\u00f3w kilometr\u00f3w kwadratowych, co czyni go drugim co do wielko\u015bci kontynentem na \u015bwiecie. Zamieszkuje go ponad 1,3 miliarda ludzi, reprezentuj\u0105cych setki j\u0119zyk\u00f3w i kultur, co sprawia, \u017ce jest to jedno z najbardziej zr\u00f3\u017cnicowanych miejsc na Ziemi.<\/p>\n\n\n\n<p>Ten kontynent obejmuje niezwyk\u0142\u0105 gam\u0119 krajobraz\u00f3w &#8211; od rozleg\u0142ych pusty\u0144 Sahary, przez g\u0119ste lasy r\u00f3wnikowe, a\u017c po malownicze wybrze\u017ca i majestatyczne g\u00f3ry takie jak Kilimand\u017caro. Afryka jest r\u00f3wnie\u017c domem dla wielu znakomitych cywilizacji, kt\u00f3re przez wieki kszta\u0142towa\u0142y histori\u0119 \u015bwiata. W\u015br\u00f3d nich mo\u017cna wymieni\u0107 staro\u017cytny Egipt, pot\u0119\u017cne Kr\u00f3lestwo Aksum i bogate Imperium Mali.<\/p>\n\n\n\n<p>Wsp\u00f3\u0142czesna Afryka to miejsce dynamicznego rozwoju i innowacji. W miastach takich jak Lagos, Nairobi czy Johannesburg nowoczesno\u015b\u0107 \u0142\u0105czy si\u0119 z g\u0142\u0119bokim szacunkiem dla tradycji. Na tym kontynencie mo\u017cna znale\u017a\u0107 wielk\u0105 r\u00f3\u017cnorodno\u015b\u0107 religii, od chrze\u015bcija\u0144stwa i islamu po niezliczone wierzenia lokalne. Afryka\u0144ska kultura jest bogata i inspiruj\u0105ca, obejmuj\u0105c muzyk\u0119, taniec, literatur\u0119 oraz sztuk\u0119, kt\u00f3re odzwierciedlaj\u0105 ducha i energi\u0119 tego kontynentu.<\/p>\n\n\n\n<p>Afryka to prawdziwy kalejdoskop kultur i krajobraz\u00f3w, miejsce, gdzie przesz\u0142o\u015b\u0107 splata si\u0119 z tera\u017aniejszo\u015bci\u0105, tworz\u0105c fascynuj\u0105cy i dynamiczny obraz \u015bwiata.<\/p>\n\n\n<div  class=\"ultp-post-grid-block wp-block-ultimate-post-post-grid-1 ultp-block-1dca3a alignwide\"><div class=\"ultp-block-wrapper\"><div class=\"ultp-loading\"><div class=\"ultp-loading-blocks\" style=\"width:100%;height:100%;\"><div style=\"left: 0;top: 0;animation-delay:0s;\"><\/div><div style=\"left: 21px;top: 0;animation-delay:0.125s;\"><\/div><div style=\"left: 42px;top: 0;animation-delay:0.25s;\"><\/div><div style=\"left: 0;top: 21px;animation-delay:0.875s;\"><\/div><div style=\"left: 42px;top: 21px;animation-delay:0.375s;\"><\/div><div style=\"left: 0;top: 42px;animation-delay:0.75s;\"><\/div><div style=\"left: 42px;top: 42px;animation-delay:0.625s;\"><\/div><div style=\"left: 21px;top: 42px;animation-delay:0.5s;\"><\/div><\/div><\/div><div class=\"ultp-block-items-wrap ultp-block-row ultp-pg1a-style1 ultp-block-column-3 ultp-layout1\"><div class=\"ultp-block-item post-id-471\"><div class=\"ultp-block-content-wrap\"><div class=\"ultp-block-image ultp-block-image-opacity\"><a href=\"https:\/\/siism-nh.dkonto.pl\/index.php\/2025\/01\/29\/kenia-safari-w-krainie-dzikosci\/\" ><img decoding=\"async\"  class=\"ultp-block-image-content\"  alt=\"Kenia &#8211; Safari w Krainie Dziko\u015bci\"  src=\"https:\/\/siism-nh.dkonto.pl\/wp-content\/uploads\/2025\/02\/Kenia-zwiedzanie-i-wypoczynek-870x570.jpg\" \/><\/a><\/div><div class=\"ultp-block-content\"><div class=\"ultp-category-grid ultp-category-classic ultp-category-aboveTitle\"><div class=\"ultp-category-in\"><a class=\"ultp-cat-afryka\" href=\"https:\/\/siism-nh.dkonto.pl\/index.php\/category\/afryka\/\"  >Afryka<\/a><\/div><\/div><h3 class=\"ultp-block-title \"><a href=\"https:\/\/siism-nh.dkonto.pl\/index.php\/2025\/01\/29\/kenia-safari-w-krainie-dzikosci\/\" >Kenia &#8211; Safari w Krainie Dziko\u015bci<\/a><\/h3><div class=\"ultp-block-meta ultp-block-meta-dot ultp-block-meta-icon\"><span class=\"ultp-block-author ultp-block-meta-element\"><svg xmlns=\"http:\/\/www.w3.org\/2000\/svg\" viewBox=\"0 0 18 20\"><path d=\"M18,19 C18,19.5522847 17.5522847,20 17,20 C16.4477153,20 16,19.5522847 16,19 L16,17 C16,15.3431458 14.6568542,14 13,14 L5,14 C3.34314575,14 2,15.3431458 2,17 L2,19 C2,19.5522847 1.55228475,20 1,20 C0.44771525,20 0,19.5522847 0,19 L0,17 C0,14.2385763 2.23857625,12 5,12 L13,12 C15.7614237,12 18,14.2385763 18,17 L18,19 Z M9,10 C6.23857625,10 4,7.76142375 4,5 C4,2.23857625 6.23857625,0 9,0 C11.7614237,0 14,2.23857625 14,5 C14,7.76142375 11.7614237,10 9,10 Z M9,8 C10.6568542,8 12,6.65685425 12,5 C12,3.34314575 10.6568542,2 9,2 C7.34314575,2 6,3.34314575 6,5 C6,6.65685425 7.34314575,8 9,8 Z\"\/><\/svg><a class=\"\" href=\"https:\/\/siism-nh.dkonto.pl\/index.php\/author\/admin\/\">admin<\/a><\/span><span class=\"ultp-block-date ultp-block-meta-element\"><svg xmlns=\"http:\/\/www.w3.org\/2000\/svg\" viewBox=\"0 0 18 19\"><path d=\"M4.60069444,4.09375 L3.25,4.09375 C2.47334957,4.09375 1.84375,4.72334957 1.84375,5.5 L1.84375,7.26736111 L16.15625,7.26736111 L16.15625,5.5 C16.15625,4.72334957 15.5266504,4.09375 14.75,4.09375 L13.3993056,4.09375 L13.3993056,4.55555556 C13.3993056,5.02154581 13.0215458,5.39930556 12.5555556,5.39930556 C12.0895653,5.39930556 11.7118056,5.02154581 11.7118056,4.55555556 L11.7118056,4.09375 L6.28819444,4.09375 L6.28819444,4.55555556 C6.28819444,5.02154581 5.9104347,5.39930556 5.44444444,5.39930556 C4.97845419,5.39930556 4.60069444,5.02154581 4.60069444,4.55555556 L4.60069444,4.09375 Z M6.28819444,2.40625 L11.7118056,2.40625 L11.7118056,1 C11.7118056,0.534009742 12.0895653,0.15625 12.5555556,0.15625 C13.0215458,0.15625 13.3993056,0.534009742 13.3993056,1 L13.3993056,2.40625 L14.75,2.40625 C16.4586309,2.40625 17.84375,3.79136906 17.84375,5.5 L17.84375,15.875 C17.84375,17.5836309 16.4586309,18.96875 14.75,18.96875 L3.25,18.96875 C1.54136906,18.96875 0.15625,17.5836309 0.15625,15.875 L0.15625,5.5 C0.15625,3.79136906 1.54136906,2.40625 3.25,2.40625 L4.60069444,2.40625 L4.60069444,1 C4.60069444,0.534009742 4.97845419,0.15625 5.44444444,0.15625 C5.9104347,0.15625 6.28819444,0.534009742 6.28819444,1 L6.28819444,2.40625 Z M1.84375,8.95486111 L1.84375,15.875 C1.84375,16.6516504 2.47334957,17.28125 3.25,17.28125 L14.75,17.28125 C15.5266504,17.28125 16.15625,16.6516504 16.15625,15.875 L16.15625,8.95486111 L1.84375,8.95486111 Z\"\/><\/svg>sty 29, 2025<\/span><span class=\"ultp-post-read ultp-block-meta-element\"><svg xmlns=\"http:\/\/www.w3.org\/2000\/svg\" enable-background=\"new 0 0 485.5 485.5\" viewBox=\"0 0 485.5 485.5\"><path d=\"m422.1 126.2h-295.7c-27.4 0-49.8-22.3-49.8-49.8 0-27.4 22.3-49.8 49.8-49.8h295.8c7.4 0 13.3-6 13.3-13.3 0-7.4-6-13.3-13.3-13.3h-295.8c-42.1 0-76.4 34.3-76.4 76.4v332.7c0 42.1 34.3 76.4 76.4 76.4h295.8c7.4 0 13.3-6 13.3-13.3v-332.7c-0.1-7.3-6-13.3-13.4-13.3zm-13.3 332.7h-282.4c-27.4 0-49.8-22.3-49.8-49.8v-274.7c13.4 11.5 30.8 18.5 49.8 18.5h282.4v306z\"\/><path d=\"M130.6,64.3c-7.4,0-13.3,6-13.3,13.3s6,13.3,13.3,13.3h249.8c7.4,0,13.3-6,13.3-13.3s-6-13.3-13.3-13.3H130.6z\"\/><path d=\"m177.4 400.7c1.5 0.5 3 0.8 4.5 0.8 5.5 0 10.6-3.4 12.5-8.8l16.2-45.3h62.4c0.5 0 1.1 0 1.6-0.1l16.2 45.4c1.9 5.4 7.1 8.8 12.5 8.8 1.5 0 3-0.3 4.5-0.8 6.9-2.5 10.5-10.1 8-17l-60.6-169.9c-0.1-0.4-0.3-0.8-0.5-1.2l-0.6-1.2c-0.1-0.2-0.3-0.4-0.4-0.7-0.1-0.1-0.2-0.3-0.3-0.4-0.1-0.2-0.3-0.4-0.5-0.6-0.1-0.1-0.2-0.3-0.4-0.4-0.1-0.2-0.3-0.3-0.5-0.5s-0.3-0.3-0.5-0.5c-0.1-0.1-0.3-0.2-0.4-0.4-0.2-0.2-0.4-0.3-0.6-0.5-0.1-0.1-0.3-0.2-0.4-0.3-0.2-0.1-0.4-0.3-0.6-0.4l-0.6-0.3s-0.4-0.2-0.6-0.3c-0.4-0.2-0.8-0.4-1.2-0.5h-0.1l-1.2-0.3c-0.2 0-0.3-0.1-0.5-0.1-0.3-0.1-0.5-0.1-0.8-0.2-0.2 0-0.4 0-0.6-0.1-0.2 0-0.5-0.1-0.7-0.1s-0.4 0-0.6 0h-0.7c-0.2 0-0.5 0-0.7 0.1-0.2 0-0.4 0-0.6 0.1-0.3 0-0.5 0.1-0.8 0.2-0.2 0-0.3 0.1-0.5 0.1-0.4 0.1-0.8 0.2-1.1 0.3h-0.1c-0.4 0.1-0.8 0.3-1.2 0.5l-1.2 0.6c-0.2 0.1-0.4 0.3-0.7 0.4-0.1 0.1-0.3 0.2-0.4 0.3-0.2 0.2-0.4 0.3-0.6 0.5-0.1 0.1-0.3 0.2-0.4 0.4l-0.5 0.5s-0.3 0.3-0.5 0.5c-0.1 0.1-0.2 0.3-0.4 0.4-0.2 0.2-0.3 0.4-0.5 0.6-0.1 0.1-0.2 0.3-0.3 0.4-0.1 0.2-0.3 0.4-0.4 0.6l-0.6 1.2c-0.2 0.4-0.4 0.8-0.5 1.2l-60.8 169.9c-2.2 7 1.4 14.6 8.3 17.1zm65.3-142.9 22.5 63h-45.1l22.6-63z\"\/><\/svg>5 min read<\/span><\/div><div class=\"ultp-block-excerpt\"><p>Podr\u00f3\u017c do Kenii by\u0142a jak spe\u0142nienie mojego dzieci\u0119cego marzenia o&hellip;<\/p>\n<\/div><\/div><\/div><\/div><div class=\"ultp-block-item post-id-109\"><div class=\"ultp-block-content-wrap\"><div class=\"ultp-block-image ultp-block-image-opacity\"><a href=\"https:\/\/siism-nh.dkonto.pl\/index.php\/2025\/01\/15\/egipt\/\" ><img decoding=\"async\"  class=\"ultp-block-image-content\"  alt=\"Egipt &#8211; Wra\u017cenia z Krainy Faraon\u00f3w\"  src=\"https:\/\/siism-nh.dkonto.pl\/wp-content\/uploads\/2025\/02\/Kenia-zwiedzanie-i-wypoczynek-870x570.jpg\" \/><\/a><\/div><div class=\"ultp-block-content\"><div class=\"ultp-category-grid ultp-category-classic ultp-category-aboveTitle\"><div class=\"ultp-category-in\"><a class=\"ultp-cat-afryka\" href=\"https:\/\/siism-nh.dkonto.pl\/index.php\/category\/afryka\/\"  >Afryka<\/a><\/div><\/div><h3 class=\"ultp-block-title \"><a href=\"https:\/\/siism-nh.dkonto.pl\/index.php\/2025\/01\/15\/egipt\/\" >Egipt &#8211; Wra\u017cenia z Krainy Faraon\u00f3w<\/a><\/h3><div class=\"ultp-block-meta ultp-block-meta-dot ultp-block-meta-icon\"><span class=\"ultp-block-author ultp-block-meta-element\"><svg xmlns=\"http:\/\/www.w3.org\/2000\/svg\" viewBox=\"0 0 18 20\"><path d=\"M18,19 C18,19.5522847 17.5522847,20 17,20 C16.4477153,20 16,19.5522847 16,19 L16,17 C16,15.3431458 14.6568542,14 13,14 L5,14 C3.34314575,14 2,15.3431458 2,17 L2,19 C2,19.5522847 1.55228475,20 1,20 C0.44771525,20 0,19.5522847 0,19 L0,17 C0,14.2385763 2.23857625,12 5,12 L13,12 C15.7614237,12 18,14.2385763 18,17 L18,19 Z M9,10 C6.23857625,10 4,7.76142375 4,5 C4,2.23857625 6.23857625,0 9,0 C11.7614237,0 14,2.23857625 14,5 C14,7.76142375 11.7614237,10 9,10 Z M9,8 C10.6568542,8 12,6.65685425 12,5 C12,3.34314575 10.6568542,2 9,2 C7.34314575,2 6,3.34314575 6,5 C6,6.65685425 7.34314575,8 9,8 Z\"\/><\/svg><a class=\"\" href=\"https:\/\/siism-nh.dkonto.pl\/index.php\/author\/admin\/\">admin<\/a><\/span><span class=\"ultp-block-date ultp-block-meta-element\"><svg xmlns=\"http:\/\/www.w3.org\/2000\/svg\" viewBox=\"0 0 18 19\"><path d=\"M4.60069444,4.09375 L3.25,4.09375 C2.47334957,4.09375 1.84375,4.72334957 1.84375,5.5 L1.84375,7.26736111 L16.15625,7.26736111 L16.15625,5.5 C16.15625,4.72334957 15.5266504,4.09375 14.75,4.09375 L13.3993056,4.09375 L13.3993056,4.55555556 C13.3993056,5.02154581 13.0215458,5.39930556 12.5555556,5.39930556 C12.0895653,5.39930556 11.7118056,5.02154581 11.7118056,4.55555556 L11.7118056,4.09375 L6.28819444,4.09375 L6.28819444,4.55555556 C6.28819444,5.02154581 5.9104347,5.39930556 5.44444444,5.39930556 C4.97845419,5.39930556 4.60069444,5.02154581 4.60069444,4.55555556 L4.60069444,4.09375 Z M6.28819444,2.40625 L11.7118056,2.40625 L11.7118056,1 C11.7118056,0.534009742 12.0895653,0.15625 12.5555556,0.15625 C13.0215458,0.15625 13.3993056,0.534009742 13.3993056,1 L13.3993056,2.40625 L14.75,2.40625 C16.4586309,2.40625 17.84375,3.79136906 17.84375,5.5 L17.84375,15.875 C17.84375,17.5836309 16.4586309,18.96875 14.75,18.96875 L3.25,18.96875 C1.54136906,18.96875 0.15625,17.5836309 0.15625,15.875 L0.15625,5.5 C0.15625,3.79136906 1.54136906,2.40625 3.25,2.40625 L4.60069444,2.40625 L4.60069444,1 C4.60069444,0.534009742 4.97845419,0.15625 5.44444444,0.15625 C5.9104347,0.15625 6.28819444,0.534009742 6.28819444,1 L6.28819444,2.40625 Z M1.84375,8.95486111 L1.84375,15.875 C1.84375,16.6516504 2.47334957,17.28125 3.25,17.28125 L14.75,17.28125 C15.5266504,17.28125 16.15625,16.6516504 16.15625,15.875 L16.15625,8.95486111 L1.84375,8.95486111 Z\"\/><\/svg>sty 15, 2025<\/span><span class=\"ultp-post-read ultp-block-meta-element\"><svg xmlns=\"http:\/\/www.w3.org\/2000\/svg\" enable-background=\"new 0 0 485.5 485.5\" viewBox=\"0 0 485.5 485.5\"><path d=\"m422.1 126.2h-295.7c-27.4 0-49.8-22.3-49.8-49.8 0-27.4 22.3-49.8 49.8-49.8h295.8c7.4 0 13.3-6 13.3-13.3 0-7.4-6-13.3-13.3-13.3h-295.8c-42.1 0-76.4 34.3-76.4 76.4v332.7c0 42.1 34.3 76.4 76.4 76.4h295.8c7.4 0 13.3-6 13.3-13.3v-332.7c-0.1-7.3-6-13.3-13.4-13.3zm-13.3 332.7h-282.4c-27.4 0-49.8-22.3-49.8-49.8v-274.7c13.4 11.5 30.8 18.5 49.8 18.5h282.4v306z\"\/><path d=\"M130.6,64.3c-7.4,0-13.3,6-13.3,13.3s6,13.3,13.3,13.3h249.8c7.4,0,13.3-6,13.3-13.3s-6-13.3-13.3-13.3H130.6z\"\/><path d=\"m177.4 400.7c1.5 0.5 3 0.8 4.5 0.8 5.5 0 10.6-3.4 12.5-8.8l16.2-45.3h62.4c0.5 0 1.1 0 1.6-0.1l16.2 45.4c1.9 5.4 7.1 8.8 12.5 8.8 1.5 0 3-0.3 4.5-0.8 6.9-2.5 10.5-10.1 8-17l-60.6-169.9c-0.1-0.4-0.3-0.8-0.5-1.2l-0.6-1.2c-0.1-0.2-0.3-0.4-0.4-0.7-0.1-0.1-0.2-0.3-0.3-0.4-0.1-0.2-0.3-0.4-0.5-0.6-0.1-0.1-0.2-0.3-0.4-0.4-0.1-0.2-0.3-0.3-0.5-0.5s-0.3-0.3-0.5-0.5c-0.1-0.1-0.3-0.2-0.4-0.4-0.2-0.2-0.4-0.3-0.6-0.5-0.1-0.1-0.3-0.2-0.4-0.3-0.2-0.1-0.4-0.3-0.6-0.4l-0.6-0.3s-0.4-0.2-0.6-0.3c-0.4-0.2-0.8-0.4-1.2-0.5h-0.1l-1.2-0.3c-0.2 0-0.3-0.1-0.5-0.1-0.3-0.1-0.5-0.1-0.8-0.2-0.2 0-0.4 0-0.6-0.1-0.2 0-0.5-0.1-0.7-0.1s-0.4 0-0.6 0h-0.7c-0.2 0-0.5 0-0.7 0.1-0.2 0-0.4 0-0.6 0.1-0.3 0-0.5 0.1-0.8 0.2-0.2 0-0.3 0.1-0.5 0.1-0.4 0.1-0.8 0.2-1.1 0.3h-0.1c-0.4 0.1-0.8 0.3-1.2 0.5l-1.2 0.6c-0.2 0.1-0.4 0.3-0.7 0.4-0.1 0.1-0.3 0.2-0.4 0.3-0.2 0.2-0.4 0.3-0.6 0.5-0.1 0.1-0.3 0.2-0.4 0.4l-0.5 0.5s-0.3 0.3-0.5 0.5c-0.1 0.1-0.2 0.3-0.4 0.4-0.2 0.2-0.3 0.4-0.5 0.6-0.1 0.1-0.2 0.3-0.3 0.4-0.1 0.2-0.3 0.4-0.4 0.6l-0.6 1.2c-0.2 0.4-0.4 0.8-0.5 1.2l-60.8 169.9c-2.2 7 1.4 14.6 8.3 17.1zm65.3-142.9 22.5 63h-45.1l22.6-63z\"\/><\/svg>5 min read<\/span><\/div><div class=\"ultp-block-excerpt\"><p>Podr\u00f3\u017c do Egiptu by\u0142a spe\u0142nieniem moich marze\u0144 o odkrywaniu staro\u017cytnych&hellip;<\/p>\n<\/div><\/div><\/div><\/div><\/div><\/div><div class=\"pagination-block-html\" aria-hidden=\"true\" style=\"display: none;\"><\/div><\/div>\n\n\n<p><\/p>\n","protected":false},"excerpt":{"rendered":"<p>Afryka to kontynent pe\u0142en kontrast\u00f3w i r\u00f3\u017cnorodno\u015bci, gdzie staro\u017cytne kultury spotykaj\u0105 si\u0119 z nowoczesno\u015bci\u0105. Rozci\u0105ga si\u0119 na ponad 30 milion\u00f3w kilometr\u00f3w kwadratowych, co czyni go drugim co do wielko\u015bci kontynentem na \u015bwiecie. Zamieszkuje go ponad 1,3 miliarda ludzi, reprezentuj\u0105cych setki j\u0119zyk\u00f3w i kultur, co sprawia, \u017ce jest to jedno z najbardziej zr\u00f3\u017cnicowanych miejsc na Ziemi. [&hellip;]<\/p>\n","protected":false},"author":4,"featured_media":0,"parent":0,"menu_order":0,"comment_status":"closed","ping_status":"closed","template":"","meta":{"footnotes":""},"class_list":["post-46","page","type-page","status-publish","hentry"],"_links":{"self":[{"href":"https:\/\/siism-nh.dkonto.pl\/index.php\/wp-json\/wp\/v2\/pages\/46","targetHints":{"allow":["GET"]}}],"collection":[{"href":"https:\/\/siism-nh.dkonto.pl\/index.php\/wp-json\/wp\/v2\/pages"}],"about":[{"href":"https:\/\/siism-nh.dkonto.pl\/index.php\/wp-json\/wp\/v2\/types\/page"}],"author":[{"embeddable":true,"href":"https:\/\/siism-nh.dkonto.pl\/index.php\/wp-json\/wp\/v2\/users\/4"}],"replies":[{"embeddable":true,"href":"https:\/\/siism-nh.dkonto.pl\/index.php\/wp-json\/wp\/v2\/comments?post=46"}],"version-history":[{"count":7,"href":"https:\/\/siism-nh.dkonto.pl\/index.php\/wp-json\/wp\/v2\/pages\/46\/revisions"}],"predecessor-version":[{"id":526,"href":"https:\/\/siism-nh.dkonto.pl\/index.php\/wp-json\/wp\/v2\/pages\/46\/revisions\/526"}],"wp:attachment":[{"href":"https:\/\/siism-nh.dkonto.pl\/index.php\/wp-json\/wp\/v2\/media?parent=46"}],"curies":[{"name":"wp","href":"https:\/\/api.w.org\/{rel}","templated":true}]}}